{"id":344,"date":"2024-10-16T11:01:20","date_gmt":"2024-10-16T11:01:20","guid":{"rendered":"http:\/\/pcmaskiner.dk.linux334.unoeuro-server.com\/?page_id=344"},"modified":"2026-03-24T09:56:09","modified_gmt":"2026-03-24T08:56:09","slug":"landbrugsmaskiner","status":"publish","type":"page","link":"https:\/\/pcmaskiner.dk\/de\/landbrugsmaskiner\/","title":{"rendered":"Landmaschinen f\u00fcr Ihren Bedarf"},"content":{"rendered":"<div class=\"wp-block-group alignfull has-custom-hvid-background-color has-background has-global-padding is-layout-constrained wp-container-core-group-is-layout-d89aad35 wp-block-group-is-layout-constrained\" style=\"margin-top:0;margin-bottom:0;padding-top:var(--wp--preset--spacing--50);padding-right:var(--wp--preset--spacing--50);padding-bottom:var(--wp--preset--spacing--50);padding-left:var(--wp--preset--spacing--50)\">\n<h3 class=\"wp-block-heading has-base-2-color has-text-color has-link-color wp-elements-47dcbac0fea6cee62f6bc2ffc321663f\" id=\"brugte\">Hier finden Sie unsere Gebrauchtmaschinen:<\/h3>\n\n\n\n<div class=\"wp-block-columns is-layout-flex wp-container-core-columns-is-layout-28f84493 wp-block-columns-is-layout-flex\">\n<div class=\"wp-block-column is-layout-flow wp-block-column-is-layout-flow\">\n<iframe loading=\"lazy\" src=\"https:\/\/lister.maskinbladet.dk\/eksterne\/extListe_3.php?c_GUID=5c72dec0-d169-4168-9cf1-842ad8855e8d&amp;color=e23632&amp;styleVer=std\" width=\"800\" height=\"1200\" style=\"border:0\"><\/iframe>\n<\/div>\n<\/div>\n<\/div>\n\n\n\n<div class=\"wp-block-group alignfull has-custom-hvid-background-color has-background has-global-padding is-layout-constrained wp-block-group-is-layout-constrained\">\n<h1 class=\"wp-block-heading has-base-2-color has-text-color has-link-color has-x-large-font-size wp-elements-0200a0a7e9d39001703a0595877d3422\" style=\"padding-top:var(--wp--preset--spacing--30);padding-bottom:var(--wp--preset--spacing--30)\">Neue und gebrauchte Landmaschinen f\u00fcr Ihren Bedarf<\/h1>\n<\/div>\n\n\n\n<div class=\"wp-block-group alignfull has-base-2-color has-custom-hvid-background-color has-text-color has-background has-link-color wp-elements-a5817720561cf246cf1a6dbcb16e2c2f has-global-padding is-layout-constrained wp-container-core-group-is-layout-cd6163fc wp-block-group-is-layout-constrained\" style=\"margin-top:0;margin-bottom:0;padding-top:var(--wp--preset--spacing--10);padding-right:var(--wp--preset--spacing--50);padding-bottom:var(--wp--preset--spacing--10);padding-left:var(--wp--preset--spacing--50)\">\n<div class=\"wp-block-columns is-layout-flex wp-container-core-columns-is-layout-28f84493 wp-block-columns-is-layout-flex\">\n<div class=\"wp-block-column is-layout-flow wp-block-column-is-layout-flow\" style=\"flex-basis:50%\">\n<p class=\"has-heading-font-family has-medium-font-size\" style=\"line-height:1.2\">Bei PC Maskiner bieten wir eine gro\u00dfe Auswahl an gebrauchten und neuen Maschinen f\u00fcr die Landwirtschaft.<\/p>\n\n\n\n<p>Unsere Landmaschinen zum Verkauf stammen von einer Vielzahl von Anbietern und es ist m\u00f6glich, ein individuelles Angebot f\u00fcr Ihre neuen D\u00fcngerstreuer, Pfl\u00fcge und andere Landmaschinen zu erstellen. Sollten wir die von Ihnen ben\u00f6tigte Maschine nicht auf Lager haben, werden wir sie so schnell wie m\u00f6glich f\u00fcr Sie bestellen.<\/p>\n\n\n\n<p><strong><a href=\"#brugte\">Weiter unten auf der Seite finden Sie eine \u00dcbersicht \u00fcber unsere sch\u00f6nen Gebrauchtmaschinen.<\/a><\/strong><\/p>\n\n\n\n<p>Wir verkaufen auch neue Maschinen der folgenden Marken:<\/p>\n\n\n\n<p>Bogballe | Baastrup | Fransg\u00e5rd | Hauer | Kongskilde | KT Maskiner | MO implements | Saphir | Helagro | HE-VA | Vigolo |<\/p>\n<\/div>\n\n\n\n<div class=\"wp-block-column is-layout-flow wp-block-column-is-layout-flow\" style=\"flex-basis:50%\">\n<figure class=\"wp-block-image size-large\"><img decoding=\"async\" src=\"\/wp-content\/uploads\/2024\/10\/6-furet-plov.webp\" alt=\"2-Level frontmonteret pakker til pl\u00f8jning\"\/><\/figure>\n\n\n\n<figure class=\"wp-block-gallery has-nested-images columns-default is-cropped wp-block-gallery-1 is-layout-flex wp-block-gallery-is-layout-flex\">\n<figure class=\"wp-block-image size-large\"><a href=\"https:\/\/www.saphir-maschinenbau.de\/\" target=\"_blank\" rel=\"noopener\"><img decoding=\"async\" src=\"\/wp-content\/uploads\/2024\/10\/saphir.webp\" alt=\"Saphir maskiner\"\/><\/a><\/figure>\n\n\n\n<figure class=\"wp-block-image size-large\"><a href=\"https:\/\/www.bogballe.com\/da\/goedningsspredere\/\" target=\"_blank\" rel=\"noopener\"><img decoding=\"async\" src=\"\/wp-content\/uploads\/2024\/10\/bogballe.webp\" alt=\"Bogballe maskiner\"\/><\/a><\/figure>\n\n\n\n<figure class=\"wp-block-image size-large\"><a href=\"https:\/\/baastrupvognen.dk\/\" target=\"_blank\" rel=\"noopener\"><img decoding=\"async\" src=\"\/wp-content\/uploads\/2024\/10\/baastrup.webp\" alt=\"Baastrup maskiner\"\/><\/a><\/figure>\n\n\n\n<figure class=\"wp-block-image size-large\" style=\"margin-top:var(--wp--preset--spacing--20);margin-bottom:var(--wp--preset--spacing--20)\"><a href=\"https:\/\/www.fransgard.dk\/\" target=\"_blank\" rel=\"noopener\"><img decoding=\"async\" src=\"\/wp-content\/uploads\/2024\/10\/fransgaard.webp\" alt=\"Fransgaard maskiner\"\/><\/a><\/figure>\n\n\n\n<figure class=\"wp-block-image size-large has-custom-border\" style=\"margin-top:var(--wp--preset--spacing--30);margin-right:0;margin-bottom:var(--wp--preset--spacing--30);margin-left:0\"><a href=\"https:\/\/kongskilde.com\/\" target=\"_blank\" rel=\"noopener\"><img loading=\"lazy\" decoding=\"async\" width=\"300\" height=\"60\" data-id=\"2054\" src=\"https:\/\/pcmaskiner.dk\/wp-content\/uploads\/2026\/03\/image-1.png\" alt=\"\" class=\"wp-image-2054\" style=\"border-style:none;border-width:0px;border-top-left-radius:0px;border-top-right-radius:0px;border-bottom-left-radius:0px;border-bottom-right-radius:0px\" srcset=\"https:\/\/pcmaskiner.dk\/wp-content\/uploads\/2026\/03\/image-1.png 300w, https:\/\/pcmaskiner.dk\/wp-content\/uploads\/2026\/03\/image-1-18x4.png 18w\" sizes=\"auto, (max-width: 300px) 100vw, 300px\" \/><\/a><\/figure>\n\n\n\n<figure class=\"wp-block-image size-large\" style=\"margin-top:var(--wp--preset--spacing--20);margin-bottom:var(--wp--preset--spacing--20)\"><a href=\"https:\/\/www.maschiogaspardo.com\/en_row\/\" target=\"_blank\" rel=\"noopener\"><img decoding=\"async\" src=\"\/wp-content\/uploads\/2024\/10\/maschio.webp\" alt=\"Maschio maskiner\"\/><\/a><\/figure>\n\n\n\n<figure class=\"wp-block-image size-large\" style=\"margin-top:var(--wp--preset--spacing--20);margin-right:0;margin-bottom:var(--wp--preset--spacing--20);margin-left:0\"><a href=\"https:\/\/www.hfl.co.at\/en\/\" target=\"_blank\" rel=\"noopener\"><img loading=\"lazy\" decoding=\"async\" width=\"150\" height=\"80\" data-id=\"2056\" src=\"https:\/\/pcmaskiner.dk\/wp-content\/uploads\/2026\/03\/image-3.png\" alt=\"\" class=\"wp-image-2056\" srcset=\"https:\/\/pcmaskiner.dk\/wp-content\/uploads\/2026\/03\/image-3.png 150w, https:\/\/pcmaskiner.dk\/wp-content\/uploads\/2026\/03\/image-3-18x10.png 18w\" sizes=\"auto, (max-width: 150px) 100vw, 150px\" \/><\/a><\/figure>\n\n\n\n<figure class=\"wp-block-image size-large\" style=\"margin-top:var(--wp--preset--spacing--20);margin-bottom:var(--wp--preset--spacing--20)\"><a href=\"https:\/\/mo-i.dk\/\" target=\"_blank\" rel=\"noopener\"><img loading=\"lazy\" decoding=\"async\" width=\"1024\" height=\"550\" data-id=\"2057\" src=\"https:\/\/pcmaskiner.dk\/wp-content\/uploads\/2026\/03\/image-4-1024x550.png\" alt=\"\" class=\"wp-image-2057\" srcset=\"https:\/\/pcmaskiner.dk\/wp-content\/uploads\/2026\/03\/image-4-1024x550.png 1024w, https:\/\/pcmaskiner.dk\/wp-content\/uploads\/2026\/03\/image-4-300x161.png 300w, https:\/\/pcmaskiner.dk\/wp-content\/uploads\/2026\/03\/image-4-768x413.png 768w, https:\/\/pcmaskiner.dk\/wp-content\/uploads\/2026\/03\/image-4-18x10.png 18w, https:\/\/pcmaskiner.dk\/wp-content\/uploads\/2026\/03\/image-4-600x323.png 600w, https:\/\/pcmaskiner.dk\/wp-content\/uploads\/2026\/03\/image-4.png 1397w\" sizes=\"auto, (max-width: 1024px) 100vw, 1024px\" \/><\/a><\/figure>\n\n\n\n<figure class=\"wp-block-image size-large\" style=\"margin-top:var(--wp--preset--spacing--30);margin-bottom:var(--wp--preset--spacing--30)\"><a href=\"https:\/\/www.he-va.com\/\" target=\"_blank\" rel=\"noopener\"><img loading=\"lazy\" decoding=\"async\" width=\"1024\" height=\"388\" data-id=\"2066\" src=\"https:\/\/pcmaskiner.dk\/wp-content\/uploads\/2026\/03\/image-13-1024x388.png\" alt=\"\" class=\"wp-image-2066\" srcset=\"https:\/\/pcmaskiner.dk\/wp-content\/uploads\/2026\/03\/image-13-1024x388.png 1024w, https:\/\/pcmaskiner.dk\/wp-content\/uploads\/2026\/03\/image-13-300x114.png 300w, https:\/\/pcmaskiner.dk\/wp-content\/uploads\/2026\/03\/image-13-768x291.png 768w, https:\/\/pcmaskiner.dk\/wp-content\/uploads\/2026\/03\/image-13-1536x583.png 1536w, https:\/\/pcmaskiner.dk\/wp-content\/uploads\/2026\/03\/image-13-2048x777.png 2048w, https:\/\/pcmaskiner.dk\/wp-content\/uploads\/2026\/03\/image-13-18x7.png 18w, https:\/\/pcmaskiner.dk\/wp-content\/uploads\/2026\/03\/image-13-600x228.png 600w\" sizes=\"auto, (max-width: 1024px) 100vw, 1024px\" \/><\/a><\/figure>\n\n\n\n<figure class=\"wp-block-image size-large has-custom-border wp-duotone-duotone-5\" style=\"margin-top:var(--wp--preset--spacing--30);margin-right:0;margin-bottom:var(--wp--preset--spacing--30);margin-left:0\"><a href=\"https:\/\/helagro.pl\/\" target=\"_blank\" rel=\"noopener\"><img loading=\"lazy\" decoding=\"async\" width=\"190\" height=\"43\" data-id=\"2062\" src=\"https:\/\/pcmaskiner.dk\/wp-content\/uploads\/2026\/03\/image-9.png\" alt=\"\" class=\"has-border-color has-custom-hvid-border-color wp-image-2062\" srcset=\"https:\/\/pcmaskiner.dk\/wp-content\/uploads\/2026\/03\/image-9.png 190w, https:\/\/pcmaskiner.dk\/wp-content\/uploads\/2026\/03\/image-9-18x4.png 18w\" sizes=\"auto, (max-width: 190px) 100vw, 190px\" \/><\/a><\/figure>\n\n\n\n<figure class=\"wp-block-image size-large\" style=\"margin-top:var(--wp--preset--spacing--10);margin-bottom:var(--wp--preset--spacing--10)\"><a href=\"https:\/\/www.vigolo.com\/en\/agricultural-machines\" target=\"_blank\" rel=\"noopener\"><img loading=\"lazy\" decoding=\"async\" width=\"324\" height=\"138\" data-id=\"2065\" src=\"https:\/\/pcmaskiner.dk\/wp-content\/uploads\/2026\/03\/image-12.png\" alt=\"\" class=\"wp-image-2065\" srcset=\"https:\/\/pcmaskiner.dk\/wp-content\/uploads\/2026\/03\/image-12.png 324w, https:\/\/pcmaskiner.dk\/wp-content\/uploads\/2026\/03\/image-12-300x128.png 300w, https:\/\/pcmaskiner.dk\/wp-content\/uploads\/2026\/03\/image-12-18x8.png 18w\" sizes=\"auto, (max-width: 324px) 100vw, 324px\" \/><\/a><\/figure>\n<\/figure>\n<\/div>\n<\/div>\n\n\n\n<div style=\"height:64px\" aria-hidden=\"true\" class=\"wp-block-spacer\"><\/div>\n\n\n\n<div class=\"wp-block-group has-global-padding is-layout-constrained wp-block-group-is-layout-constrained\">\n<h2 class=\"wp-block-heading has-base-2-color has-text-color has-link-color wp-elements-bfbcd87d10faac07ffc232cd02b83fda\">Welche Landmaschinen sollten Sie w\u00e4hlen?<\/h2>\n\n\n\n<p>Der Kauf von Landmaschinen kann Fragen aufwerfen, und es ist gut zu wissen, ob Ihre Landmaschinen geliefert werden oder Sie sie selbst abholen - fast alles ist m\u00f6glich, wenn Sie Preben Christensen Staldinventar &amp; Landbrugsmaskiner als Gesch\u00e4ftspartner w\u00e4hlen.<\/p>\n\n\n\n<p>Wir haben auch die M\u00f6glichkeit, Landmaschinen in andere L\u00e4nder zu verkaufen, darunter Norwegen, Schweden und Polen.<\/p>\n\n\n\n<p>Neue Landmaschinen werden entweder ab Werk oder aus unserer Werkstatt in der N\u00e4he von Skive, J\u00fctland, geliefert. Dort haben wir auch eine gro\u00dfe Auswahl an Landmaschinen zum Verkauf, die bereits zur Auslieferung bereit sind. In unserer Werkstatt f\u00fchren wir auch Service- und Garantieleistungen f\u00fcr Landmaschinen durch. Wir arbeiten immer eng mit der Serviceabteilung unserer Lieferanten zusammen, um die Aufgaben bestm\u00f6glich zu l\u00f6sen.<\/p>\n\n\n\n<p>PC Maskiner bietet einen wettbewerbsf\u00e4higen Preis und wir k\u00f6nnen immer \u00fcber den Preis sprechen - besuchen Sie uns s\u00fcdlich von Skive, J\u00fctland, und lassen Sie uns \u00fcber die Landmaschine sprechen, die Sie sich vorstellen. Wir haben sowohl kleine als auch gro\u00dfe Landmaschinen in unserem Sortiment. Sie sind auch jederzeit willkommen, uns zu kontaktieren per. Mail oder Telefon.<\/p>\n\n\n\n<h2 class=\"wp-block-heading has-base-2-color has-text-color has-link-color has-large-font-size wp-elements-1814fce9dc78c57b666514789ec90a77\" id=\"ibdz\">Gebrauchte Landmaschinen und einige neue Landmaschinen<\/h2>\n\n\n\n<p>Auf dieser Seite finden Sie eine gro\u00dfe Auswahl an gebrauchten Landmaschinen. Eine gebrauchte Maschine, die Sie bei uns kaufen, kann sowohl ein neueres als auch ein \u00e4lteres Modell sein. Sicher ist jedoch, dass unsere zum Verkauf stehenden gebrauchten Landmaschinen von hoher Qualit\u00e4t sind und noch eine lange Lebensdauer haben. Die Gebrauchtmaschinen stammen von vielen verschiedenen Herstellern und umfassen alles von Eggen bis zu Rasenm\u00e4hern.<\/p>\n\n\n\n<p class=\"has-heading-font-family has-medium-font-size\" style=\"line-height:1.2\">Obwohl Sie auf dieser Website haupts\u00e4chlich gebrauchte Landmaschinen finden, gibt es auch eine kleine Auswahl an neuen und Ausstellungsmaschinen, die alle zu g\u00fcnstigen Preisen verkauft werden. Sehen Sie unten alle Maschinen und klappen Sie das Men\u00fc auf, um die einzelnen Produkte zu sehen.<\/p>\n<\/div>\n\n\n\n<figure class=\"wp-block-image size-large is-style-rounded is-style-rounded--2\"><img decoding=\"async\" src=\"\/wp-content\/uploads\/2024\/10\/6-furet-loekken.webp\" alt=\"\"\/><\/figure>\n<\/div>\n\n\n\n<div class=\"wp-block-group alignwide has-global-padding is-layout-constrained wp-container-core-group-is-layout-0f9e5a71 wp-block-group-is-layout-constrained\" style=\"margin-top:0;margin-bottom:0;padding-top:0;padding-right:var(--wp--preset--spacing--60);padding-bottom:0;padding-left:var(--wp--preset--spacing--60)\">\n<div class=\"wp-block-group alignwide is-layout-flow wp-block-group-is-layout-flow\">\n<div style=\"height:var(--wp--preset--spacing--50)\" aria-hidden=\"true\" class=\"wp-block-spacer\"><\/div>\n\n\n\n<p class=\"has-text-align-left has-heading-font-family has-large-font-size\" style=\"font-style:normal;font-weight:400;line-height:1.2\">Wenn Sie nicht gefunden haben, was Sie suchen, rufen Sie uns an oder sehen Sie sich die vollst\u00e4ndige Liste hier an:<\/p>\n\n\n\n<div class=\"wp-block-buttons is-layout-flex wp-block-buttons-is-layout-flex\">\n<div class=\"wp-block-button\"><a class=\"wp-block-button__link has-text-align-center wp-element-button\" href=\"https:\/\/lister.maskinbladet.dk\/eksterne\/extListe_3.php?c_GUID=5c72dec0-d169-4168-9cf1-842ad8855e8d&amp;color=e23632&amp;styleVer=std&amp;CAT=_all_\" target=\"_blank\" rel=\"noopener\">Alle Maschinen anzeigen<\/a><\/div>\n<\/div>\n\n\n\n<div style=\"height:var(--wp--preset--spacing--50)\" aria-hidden=\"true\" class=\"wp-block-spacer\"><\/div>\n<\/div>\n<\/div>","protected":false},"excerpt":{"rendered":"<p>Se vores brugte maskiner her: Nye og brugte landbrugsmaskiner til dine behov Hos PC Maskiner tilbyder vi et stort udvalg af b\u00e5de brugte og nye maskiner til landbrug. Vores landbrugsmaskiner til salg kommer fra et stort sortiment af leverand\u00f8rer, og der er mulighed for at skr\u00e6ddersy en individuel aftale for dine nye g\u00f8dningsspredere, plove og [&hellip;]<\/p>\n","protected":false},"author":1,"featured_media":0,"parent":0,"menu_order":0,"comment_status":"closed","ping_status":"closed","template":"","meta":{"inline_featured_image":false,"footnotes":""},"class_list":["post-344","page","type-page","status-publish","hentry"],"_links":{"self":[{"href":"https:\/\/pcmaskiner.dk\/de\/wp-json\/wp\/v2\/pages\/344","targetHints":{"allow":["GET"]}}],"collection":[{"href":"https:\/\/pcmaskiner.dk\/de\/wp-json\/wp\/v2\/pages"}],"about":[{"href":"https:\/\/pcmaskiner.dk\/de\/wp-json\/wp\/v2\/types\/page"}],"author":[{"embeddable":true,"href":"https:\/\/pcmaskiner.dk\/de\/wp-json\/wp\/v2\/users\/1"}],"replies":[{"embeddable":true,"href":"https:\/\/pcmaskiner.dk\/de\/wp-json\/wp\/v2\/comments?post=344"}],"version-history":[{"count":41,"href":"https:\/\/pcmaskiner.dk\/de\/wp-json\/wp\/v2\/pages\/344\/revisions"}],"predecessor-version":[{"id":2099,"href":"https:\/\/pcmaskiner.dk\/de\/wp-json\/wp\/v2\/pages\/344\/revisions\/2099"}],"wp:attachment":[{"href":"https:\/\/pcmaskiner.dk\/de\/wp-json\/wp\/v2\/media?parent=344"}],"curies":[{"name":"wp","href":"https:\/\/api.w.org\/{rel}","templated":true}]}}